{"id":105,"date":"2016-10-12T12:57:19","date_gmt":"2016-10-12T10:57:19","guid":{"rendered":"http:\/\/www.masterclean24.pl\/?page_id=105"},"modified":"2021-02-10T11:32:12","modified_gmt":"2021-02-10T10:32:12","slug":"pranie-i-czyszczenie","status":"publish","type":"page","link":"https:\/\/www.masterclean24.pl\/wp\/?page_id=105","title":{"rendered":"Pranie i czyszczenie"},"content":{"rendered":"<h2>Pranie i czyszczenie<\/h2>\n<p><strong>Technologie prania i czyszczenia.<\/strong><\/p>\n<p>Pracujemy tylko i wy\u0142\u0105cznie ze sprawdzonymi producentami sprz\u0119tu czyszcz\u0105cego i pior\u0105cego.<br \/>Stosujemy chemi\u0119 czyszcz\u0105c\u0105 tylko najbardziej zaufanych marek.<\/p>\n<p>Przy ka\u017cdym zleceniu zachowujemy najwy\u017cszy standard pracy i higieny.<\/p>\n<p>Twoje mienie jest w naszych r\u0119kach tak samo bezpieczne jak w Twoich w\u0142asnych.Szanowni Pa\u0144stwo, poni\u017cej pogl\u0105dowy, przyk\u0142adowy cennik naszych us\u0142ug.<\/p>\n<p><a href=\"https:\/\/www.masterclean24.pl\/wp\/wp-content\/uploads\/2016\/10\/karcher-pranie-wyk\u0142adzin-1024x292.jpg\"><img decoding=\"async\" loading=\"lazy\" src=\"https:\/\/www.masterclean24.pl\/wp\/wp-content\/uploads\/2016\/10\/karcher-pranie-wyk\u0142adzin-1024x292.jpg\" alt=\"\" width=\"404\" height=\"115\" \/><\/a><a href=\"https:\/\/www.masterclean24.pl\/wp\/wp-content\/uploads\/2016\/10\/cleanfix-logo-dywan\u00f3w-wyk\u0142adzin-1024x368.jpg\"><img decoding=\"async\" loading=\"lazy\" src=\"https:\/\/www.masterclean24.pl\/wp\/wp-content\/uploads\/2016\/10\/cleanfix-logo-dywan\u00f3w-wyk\u0142adzin-1024x368.jpg\" alt=\"\" width=\"380\" height=\"137\" \/><\/a> <a href=\"https:\/\/www.masterclean24.pl\/wp\/wp-content\/uploads\/2016\/10\/clinex-pranie-czyszczenie.jpg\"><img decoding=\"async\" loading=\"lazy\" src=\"https:\/\/www.masterclean24.pl\/wp\/wp-content\/uploads\/2016\/10\/clinex-pranie-czyszczenie.jpg\" alt=\"\" width=\"336\" height=\"190\" \/><\/a> <a href=\"https:\/\/www.masterclean24.pl\/wp\/wp-content\/uploads\/2016\/10\/kolo_gvj.jpg\"><img decoding=\"async\" loading=\"lazy\" src=\"https:\/\/www.masterclean24.pl\/wp\/wp-content\/uploads\/2016\/10\/kolo_gvj.jpg\" alt=\"\" width=\"256\" height=\"255\" \/><\/a><\/p>\n<p><strong>Pranie i czyszczenie \u2013 Cennik<\/strong><\/p>\n<p>Ka\u017cde zlecenie jest traktowane indywidualnie, dlatego za ka\u017cdym razem oferujemy zupe\u0142nie nieodp\u0142atnie i bez zobowi\u0105za\u0144 kompleksow\u0105 wycen\u0119 .<\/p>\n<p>Zakres wycenianych i realizowanych przez nas prac jest du\u017co szerszy ni\u017c widoczny poni\u017cej \u2013 jednak da on Pa\u0144stwu pogl\u0105d na poziom naszych cen.<\/p>\n<p>Dywany na \u017cyczenie klienta s\u0105 zabierane i wci\u0105gu 48h wyprane i wysuszone wracaj\u0105 do w\u0142a\u015bciciela, nie wp\u0142ywa to na cen\u0119, transport jest zupe\u0142nie GRATIS !<\/p>\n<\/p>\n<table id=\"hor-zebra\" summary=\"Employee Pay Sheet\">\n<thead>\n<tr>\n<th scope=\"col\">Dywany<\/th>\n<th scope=\"col\">\u00a0<\/th>\n<\/tr>\n<\/thead>\n<tbody>\n<tr>\n<td>Sztuczne<\/td>\n<td>od 6 z\u0142 \/m2<\/td>\n<\/tr>\n<tr>\n<td>We\u0142niane<\/td>\n<td>od 7z\u0142 \/m2<\/td>\n<\/tr>\n<tr>\n<td>SHAGGY tzw. w\u0142ochacze<\/td>\n<td>od 8z\u0142 \/m2<\/td>\n<\/tr>\n<\/tbody>\n<\/table>\n<table id=\"hor-zebra\" summary=\"Employee Pay Sheet\">\n<thead>\n<tr>\n<th scope=\"col\">Wyk\u0142adziny<\/th>\n<th scope=\"col\">\u00a0<\/th>\n<\/tr>\n<\/thead>\n<tbody>\n<tr>\n<td>do 20 m2<\/td>\n<td>od 5 z\u0142 \/m2<\/td>\n<\/tr>\n<tr>\n<td>powy\u017cej 20 m2<\/td>\n<td>od 4z\u0142 \/ m2<\/td>\n<\/tr>\n<tr>\n<td>ponad 100 m2 i sta\u0142e zlecenia<\/td>\n<td>wycena indywidualna<\/td>\n<\/tr>\n<\/tbody>\n<\/table>\n<table id=\"hor-zebra\" summary=\"Employee Pay Sheet\">\n<thead>\n<tr>\n<th scope=\"col\">Tapicerka Meblowa<\/th>\n<th scope=\"col\">\u00a0<\/th>\n<\/tr>\n<\/thead>\n<tbody>\n<tr>\n<td>Krzes\u0142o, Taboret, Pufa, Poduszka<\/td>\n<td>od 5 z\u0142<\/td>\n<\/tr>\n<tr>\n<td>Fotel (siedzisko + oparcie)<\/td>\n<td>10 z\u0142 \u2013 15 z\u0142<\/td>\n<\/tr>\n<tr>\n<td>Fotel du\u017cy (siedzisko + oparcie + boki)<\/td>\n<td>20 z\u0142 \u2013 30 z\u0142<\/td>\n<\/tr>\n<tr>\n<td>Naro\u017cnik kuchenny<\/td>\n<td>30 z\u0142 \u2013 40 z\u0142<\/td>\n<\/tr>\n<tr>\n<td>Wersalka<\/td>\n<td>od 35 z\u0142<\/td>\n<\/tr>\n<tr>\n<td>Naro\u017cnik<\/td>\n<td>od 50 z\u0142<\/td>\n<\/tr>\n<tr>\n<td>Kanapa, sofa:<\/td>\n<td>\u00a0<\/td>\n<\/tr>\n<tr>\n<td>2 \u2013 osobowa<\/td>\n<td>od 40 z\u0142<\/td>\n<\/tr>\n<tr>\n<td>3 \u2013 osobowa<\/td>\n<td>od 50 z\u0142<\/td>\n<\/tr>\n<tr>\n<td>Materac sypialny (obustronnie):<\/td>\n<td>\u00a0<\/td>\n<\/tr>\n<tr>\n<td>1 \u2013 osobowy<\/td>\n<td>od 40 z\u0142<\/td>\n<\/tr>\n<tr>\n<td>2 \u2013 osobowy<\/td>\n<td>od 75 z\u0142<\/td>\n<\/tr>\n<\/tbody>\n<\/table>\n","protected":false},"excerpt":{"rendered":"<p>Pranie i czyszczenie Technologie prania i czyszczenia. Pracujemy tylko i wy\u0142\u0105cznie ze sprawdzonymi producentami sprz\u0119tu czyszcz\u0105cego i pior\u0105cego.Stosujemy chemi\u0119 czyszcz\u0105c\u0105 tylko najbardziej zaufanych marek. Przy ka\u017cdym zleceniu zachowujemy najwy\u017cszy standard pracy i higieny. Twoje mienie jest w naszych r\u0119kach tak samo bezpieczne jak w Twoich w\u0142asnych.Szanowni Pa\u0144stwo, poni\u017cej pogl\u0105dowy, przyk\u0142adowy cennik naszych us\u0142ug. Pranie i [&hellip;]<\/p>\n","protected":false},"author":2,"featured_media":0,"parent":0,"menu_order":3,"comment_status":"closed","ping_status":"closed","template":"elementor_header_footer","meta":[],"aioseo_notices":[],"_links":{"self":[{"href":"https:\/\/www.masterclean24.pl\/wp\/index.php?rest_route=\/wp\/v2\/pages\/105"}],"collection":[{"href":"https:\/\/www.masterclean24.pl\/wp\/index.php?rest_route=\/wp\/v2\/pages"}],"about":[{"href":"https:\/\/www.masterclean24.pl\/wp\/index.php?rest_route=\/wp\/v2\/types\/page"}],"author":[{"embeddable":true,"href":"https:\/\/www.masterclean24.pl\/wp\/index.php?rest_route=\/wp\/v2\/users\/2"}],"replies":[{"embeddable":true,"href":"https:\/\/www.masterclean24.pl\/wp\/index.php?rest_route=%2Fwp%2Fv2%2Fcomments&post=105"}],"version-history":[{"count":18,"href":"https:\/\/www.masterclean24.pl\/wp\/index.php?rest_route=\/wp\/v2\/pages\/105\/revisions"}],"predecessor-version":[{"id":231,"href":"https:\/\/www.masterclean24.pl\/wp\/index.php?rest_route=\/wp\/v2\/pages\/105\/revisions\/231"}],"wp:attachment":[{"href":"https:\/\/www.masterclean24.pl\/wp\/index.php?rest_route=%2Fwp%2Fv2%2Fmedia&parent=105"}],"curies":[{"name":"wp","href":"https:\/\/api.w.org\/{rel}","templated":true}]}}