{"id":2,"date":"2015-10-18T13:50:35","date_gmt":"2015-10-18T11:50:35","guid":{"rendered":"http:\/\/www.masterclean24.pl\/wp\/?page_id=2"},"modified":"2021-02-10T11:03:27","modified_gmt":"2021-02-10T10:03:27","slug":"przykladowa-strona","status":"publish","type":"page","link":"https:\/\/www.masterclean24.pl\/wp\/?page_id=2","title":{"rendered":"O firmie"},"content":{"rendered":"<h2>O firmie<\/h2>\n<h4>Firma sprz\u0105taj\u0105ca MasterClean<\/h4>\n<p>\u00a0<\/p>\n<p>Jeste\u015bmy dynamicznie rozwijaj\u0105c\u0105 si\u0119 firm\u0105 z du\u017cym do\u015bwiadczeniem w bran\u017cy us\u0142ug sprz\u0105tania mieszka\u0144, biur, obiekt\u00f3w u\u017cyteczno\u015bci publicznej jak i innych obiekt\u00f3w. Podejmujemy wsp\u00f3\u0142prac\u0119 zar\u00f3wno z osobami fizycznymi jak i podmiotami gospodarczymi. Nasze us\u0142ugi \u015bwiadczymy na terenie wojew\u00f3dztwa \u015bl\u0105skiego i ma\u0142opolskiego.<\/p>\n<p>Wybieraj\u0105c nasz\u0105 firm\u0119 otrzymujesz gwarancj\u0119 solidnie wykonanej us\u0142ugi sprz\u0105tania przy zachowaniu odpowiednio konkurencyjnych cen. G\u0142\u00f3wnym atutem naszych pracownik\u00f3w jest wieloletnie do\u015bwiadczenie oraz rzetelna wiedza dotycz\u0105ca stosowania odpowiednich \u015brodk\u00f3w do czyszczonego materia\u0142u lub powierzchni.<\/p>\n<p>Nasza firma do sprz\u0105tania u\u017cywa profesjonalnego sprz\u0119tu oraz \u015brodk\u00f3w czysto\u015bci znanych i renomowanych \u015bwiatowych marek. Masz pewno\u015b\u0107, \u017ce korzystaj\u0105c z us\u0142ug naszej firmy zachowamy czyszczone powierzchnie w stanie idealnym.<\/p>\n<p>Do g\u0142\u00f3wnych naszych us\u0142ug mo\u017cna zaliczy\u0107:<\/p>\n<ul>\n<li>sprz\u0105tanie dom\u00f3w, mieszka\u0144<\/li>\n<li>sprz\u0105tanie biur, firm, instytucji<\/li>\n<li>sprz\u0105tanie po budowie, remoncie<\/li>\n<li>mycie okien i powierzchni szklanych<\/li>\n<li>mycie elewacji i pod\u0142o\u017cy na zewn\u0105trz budynku<\/li>\n<li>pranie dywan\u00f3w, pranie tapicerek<\/li>\n<li>sprz\u0105tanie grob\u00f3w, opieka nad grobami<\/li>\n<li>sprz\u0105tanie ogrod\u00f3w i posesji<\/li>\n<li>inne prace porz\u0105dkowe na \u017cyczenie klienta<\/li>\n<\/ul>\n","protected":false},"excerpt":{"rendered":"<p>O firmie Firma sprz\u0105taj\u0105ca MasterClean \u00a0 Jeste\u015bmy dynamicznie rozwijaj\u0105c\u0105 si\u0119 firm\u0105 z du\u017cym do\u015bwiadczeniem w bran\u017cy us\u0142ug sprz\u0105tania mieszka\u0144, biur, obiekt\u00f3w u\u017cyteczno\u015bci publicznej jak i innych obiekt\u00f3w. Podejmujemy wsp\u00f3\u0142prac\u0119 zar\u00f3wno z osobami fizycznymi jak i podmiotami gospodarczymi. Nasze us\u0142ugi \u015bwiadczymy na terenie wojew\u00f3dztwa \u015bl\u0105skiego i ma\u0142opolskiego. Wybieraj\u0105c nasz\u0105 firm\u0119 otrzymujesz gwarancj\u0119 solidnie wykonanej us\u0142ugi sprz\u0105tania [&hellip;]<\/p>\n","protected":false},"author":1,"featured_media":0,"parent":0,"menu_order":1,"comment_status":"closed","ping_status":"open","template":"elementor_header_footer","meta":[],"aioseo_notices":[],"_links":{"self":[{"href":"https:\/\/www.masterclean24.pl\/wp\/index.php?rest_route=\/wp\/v2\/pages\/2"}],"collection":[{"href":"https:\/\/www.masterclean24.pl\/wp\/index.php?rest_route=\/wp\/v2\/pages"}],"about":[{"href":"https:\/\/www.masterclean24.pl\/wp\/index.php?rest_route=\/wp\/v2\/types\/page"}],"author":[{"embeddable":true,"href":"https:\/\/www.masterclean24.pl\/wp\/index.php?rest_route=\/wp\/v2\/users\/1"}],"replies":[{"embeddable":true,"href":"https:\/\/www.masterclean24.pl\/wp\/index.php?rest_route=%2Fwp%2Fv2%2Fcomments&post=2"}],"version-history":[{"count":20,"href":"https:\/\/www.masterclean24.pl\/wp\/index.php?rest_route=\/wp\/v2\/pages\/2\/revisions"}],"predecessor-version":[{"id":206,"href":"https:\/\/www.masterclean24.pl\/wp\/index.php?rest_route=\/wp\/v2\/pages\/2\/revisions\/206"}],"wp:attachment":[{"href":"https:\/\/www.masterclean24.pl\/wp\/index.php?rest_route=%2Fwp%2Fv2%2Fmedia&parent=2"}],"curies":[{"name":"wp","href":"https:\/\/api.w.org\/{rel}","templated":true}]}}